{"id":17,"date":"2019-10-28T23:11:41","date_gmt":"2019-10-28T22:11:41","guid":{"rendered":"https:\/\/katellaivdrip.com\/?page_id=17"},"modified":"2024-06-14T07:35:25","modified_gmt":"2024-06-14T05:35:25","slug":"contacto","status":"publish","type":"page","link":"https:\/\/katellaivdrip.com\/en\/contacto\/","title":{"rendered":"CONTACT"},"content":{"rendered":"<div data-elementor-type=\"wp-page\" data-elementor-id=\"17\" class=\"elementor elementor-17\">\n\t\t\t\t\t\t<section class=\"elementor-section elementor-top-section elementor-element elementor-element-4eb3e08 elementor-section-boxed elementor-section-height-default elementor-section-height-default\" data-id=\"4eb3e08\" data-element_type=\"section\" data-e-type=\"section\">\n\t\t\t\t\t\t\t<div class=\"elementor-background-overlay\"><\/div>\n\t\t\t\t\t\t\t<div class=\"elementor-container elementor-column-gap-default\">\n\t\t\t\t\t<div class=\"elementor-column elementor-col-100 elementor-top-column elementor-element elementor-element-1a5752f\" data-id=\"1a5752f\" data-element_type=\"column\" data-e-type=\"column\">\n\t\t\t<div class=\"elementor-widget-wrap elementor-element-populated\">\n\t\t\t\t\t\t<div class=\"elementor-element elementor-element-dd92eb1 elementor-invisible elementor-widget elementor-widget-heading\" data-id=\"dd92eb1\" data-element_type=\"widget\" data-e-type=\"widget\" data-settings=\"{&quot;_animation&quot;:&quot;fadeIn&quot;}\" data-widget_type=\"heading.default\">\n\t\t\t\t<div class=\"elementor-widget-container\">\n\t\t\t\t\t<h2 class=\"elementor-heading-title elementor-size-default\">Agenda una cita al: (664) 650 3730<\/h2>\t\t\t\t<\/div>\n\t\t\t\t<\/div>\n\t\t\t\t\t<\/div>\n\t\t<\/div>\n\t\t\t\t\t<\/div>\n\t\t<\/section>\n\t\t\t\t<section class=\"elementor-section elementor-top-section elementor-element elementor-element-af181b8 elementor-section-boxed elementor-section-height-default elementor-section-height-default\" data-id=\"af181b8\" data-element_type=\"section\" data-e-type=\"section\">\n\t\t\t\t\t\t<div class=\"elementor-container elementor-column-gap-default\">\n\t\t\t\t\t<div class=\"elementor-column elementor-col-100 elementor-top-column elementor-element elementor-element-da2ba78\" data-id=\"da2ba78\" data-element_type=\"column\" data-e-type=\"column\">\n\t\t\t<div class=\"elementor-widget-wrap elementor-element-populated\">\n\t\t\t\t\t\t<div class=\"elementor-element elementor-element-0903aaf elementor-shape-rounded elementor-grid-0 e-grid-align-center elementor-widget elementor-widget-social-icons\" data-id=\"0903aaf\" data-element_type=\"widget\" data-e-type=\"widget\" data-widget_type=\"social-icons.default\">\n\t\t\t\t<div class=\"elementor-widget-container\">\n\t\t\t\t\t\t\t<div class=\"elementor-social-icons-wrapper elementor-grid\" role=\"list\">\n\t\t\t\t\t\t\t<span class=\"elementor-grid-item\" role=\"listitem\">\n\t\t\t\t\t<a class=\"elementor-icon elementor-social-icon elementor-social-icon-facebook elementor-repeater-item-23a68de\" href=\"https:\/\/www.facebook.com\/Katellaivdrip?mibextid=LQQJ4d\" target=\"_blank\">\n\t\t\t\t\t\t<span class=\"elementor-screen-only\">Facebook<\/span>\n\t\t\t\t\t\t<i aria-hidden=\"true\" class=\"fab fa-facebook\"><\/i>\t\t\t\t\t<\/a>\n\t\t\t\t<\/span>\n\t\t\t\t\t\t\t<span class=\"elementor-grid-item\" role=\"listitem\">\n\t\t\t\t\t<a class=\"elementor-icon elementor-social-icon elementor-social-icon-instagram elementor-repeater-item-f3c64bb\" href=\"https:\/\/www.instagram.com\/katella_ivdrip?igsh=MWY0bjUxaDlienNqbw%3D%3D&#038;utm_source=qr\" target=\"_blank\">\n\t\t\t\t\t\t<span class=\"elementor-screen-only\">Instagram<\/span>\n\t\t\t\t\t\t<i aria-hidden=\"true\" class=\"fab fa-instagram\"><\/i>\t\t\t\t\t<\/a>\n\t\t\t\t<\/span>\n\t\t\t\t\t\t\t<span class=\"elementor-grid-item\" role=\"listitem\">\n\t\t\t\t\t<a class=\"elementor-icon elementor-social-icon elementor-social-icon-whatsapp elementor-repeater-item-083b813\" href=\"https:\/\/wa.me\/message\/GY5EH2ZBELKZI1\" target=\"_blank\">\n\t\t\t\t\t\t<span class=\"elementor-screen-only\">Whatsapp<\/span>\n\t\t\t\t\t\t<i aria-hidden=\"true\" class=\"fab fa-whatsapp\"><\/i>\t\t\t\t\t<\/a>\n\t\t\t\t<\/span>\n\t\t\t\t\t<\/div>\n\t\t\t\t\t\t<\/div>\n\t\t\t\t<\/div>\n\t\t\t\t\t<\/div>\n\t\t<\/div>\n\t\t\t\t\t<\/div>\n\t\t<\/section>\n\t\t\t\t<section class=\"elementor-section elementor-top-section elementor-element elementor-element-762efea elementor-section-boxed elementor-section-height-default elementor-section-height-default\" data-id=\"762efea\" data-element_type=\"section\" data-e-type=\"section\">\n\t\t\t\t\t\t\t<div class=\"elementor-background-overlay\"><\/div>\n\t\t\t\t\t\t\t<div class=\"elementor-container elementor-column-gap-default\">\n\t\t\t\t\t<div class=\"elementor-column elementor-col-100 elementor-top-column elementor-element elementor-element-d31b634\" data-id=\"d31b634\" data-element_type=\"column\" data-e-type=\"column\" data-settings=\"{&quot;background_background&quot;:&quot;classic&quot;}\">\n\t\t\t<div class=\"elementor-widget-wrap elementor-element-populated\">\n\t\t\t\t\t\t<div class=\"elementor-element elementor-element-b4f06f4 elementor-widget elementor-widget-heading\" data-id=\"b4f06f4\" data-element_type=\"widget\" data-e-type=\"widget\" data-widget_type=\"heading.default\">\n\t\t\t\t<div class=\"elementor-widget-container\">\n\t\t\t\t\t<h2 class=\"elementor-heading-title elementor-size-default\">Address:<\/h2>\t\t\t\t<\/div>\n\t\t\t\t<\/div>\n\t\t\t\t<div class=\"elementor-element elementor-element-7ccd248 elementor-widget elementor-widget-heading\" data-id=\"7ccd248\" data-element_type=\"widget\" data-e-type=\"widget\" data-widget_type=\"heading.default\">\n\t\t\t\t<div class=\"elementor-widget-container\">\n\t\t\t\t\t<h3 class=\"elementor-heading-title elementor-size-default\">Gaza de acceso a, Plaza el mexicano, Blvr. L\u00e1zaro C\u00e1rdenas 5012-6, Los Pirules, 22110 Tijuana, B.C.<\/h3>\t\t\t\t<\/div>\n\t\t\t\t<\/div>\n\t\t\t\t\t<\/div>\n\t\t<\/div>\n\t\t\t\t\t<\/div>\n\t\t<\/section>\n\t\t\t\t<section class=\"elementor-section elementor-top-section elementor-element elementor-element-5c355ed elementor-section-boxed elementor-section-height-default elementor-section-height-default\" data-id=\"5c355ed\" data-element_type=\"section\" data-e-type=\"section\" data-settings=\"{&quot;background_background&quot;:&quot;classic&quot;}\">\n\t\t\t\t\t\t\t<div class=\"elementor-background-overlay\"><\/div>\n\t\t\t\t\t\t\t<div class=\"elementor-container elementor-column-gap-default\">\n\t\t\t\t\t<div class=\"elementor-column elementor-col-100 elementor-top-column elementor-element elementor-element-a6d8ab6\" data-id=\"a6d8ab6\" data-element_type=\"column\" data-e-type=\"column\">\n\t\t\t<div class=\"elementor-widget-wrap elementor-element-populated\">\n\t\t\t\t\t\t<div class=\"elementor-element elementor-element-4aafc56 elementor-widget elementor-widget-google_maps\" data-id=\"4aafc56\" data-element_type=\"widget\" data-e-type=\"widget\" data-widget_type=\"google_maps.default\">\n\t\t\t\t<div class=\"elementor-widget-container\">\n\t\t\t\t\t\t\t<div class=\"elementor-custom-embed\">\n\t\t\t<iframe loading=\"lazy\"\n\t\t\t\t\tsrc=\"https:\/\/maps.google.com\/maps?q=32.510708%2C%20-116.962036&#038;t=m&#038;z=14&#038;output=embed&#038;iwloc=near\"\n\t\t\t\t\ttitle=\"32.510708, -116.962036\"\n\t\t\t\t\taria-label=\"32.510708, -116.962036\"\n\t\t\t><\/iframe>\n\t\t<\/div>\n\t\t\t\t\t\t<\/div>\n\t\t\t\t<\/div>\n\t\t\t\t\t<\/div>\n\t\t<\/div>\n\t\t\t\t\t<\/div>\n\t\t<\/section>\n\t\t\t\t<\/div>","protected":false},"excerpt":{"rendered":"<p>Agenda una cita al: (664) 650 3730 Facebook Instagram Whatsapp Direcci\u00f3n: Gaza de acceso a, Plaza el mexicano, Blvr. L\u00e1zaro C\u00e1rdenas 5012-6, Los Pirules, 22110 Tijuana, B.C.<\/p>","protected":false},"author":7,"featured_media":0,"parent":0,"menu_order":0,"comment_status":"closed","ping_status":"closed","template":"","meta":{"inline_featured_image":false,"footnotes":""},"class_list":["post-17","page","type-page","status-publish"],"yoast_head":"<!-- This site is optimized with the Yoast SEO plugin v27.5 - https:\/\/yoast.com\/product\/yoast-seo-wordpress\/ -->\n<title>CONTACTO - Katella IV Drip<\/title>\n<meta name=\"robots\" content=\"index, follow, max-snippet:-1, max-image-preview:large, max-video-preview:-1\" \/>\n<link rel=\"canonical\" href=\"https:\/\/katellaivdrip.com\/en\/contacto\/\" \/>\n<meta property=\"og:locale\" content=\"en_US\" \/>\n<meta property=\"og:type\" content=\"article\" \/>\n<meta property=\"og:title\" content=\"CONTACTO - Katella IV Drip\" \/>\n<meta property=\"og:description\" content=\"Agenda una cita al: (664) 650 3730 Facebook Instagram Whatsapp Direcci\u00f3n: Gaza de acceso a, Plaza el mexicano, Blvr. L\u00e1zaro C\u00e1rdenas 5012-6, Los Pirules, 22110 Tijuana, B.C.\" \/>\n<meta property=\"og:url\" content=\"https:\/\/katellaivdrip.com\/en\/contacto\/\" \/>\n<meta property=\"og:site_name\" content=\"Katella IV Drip\" \/>\n<meta property=\"article:modified_time\" content=\"2024-06-14T05:35:25+00:00\" \/>\n<meta name=\"twitter:card\" content=\"summary_large_image\" \/>\n<meta name=\"twitter:label1\" content=\"Est. reading time\" \/>\n\t<meta name=\"twitter:data1\" content=\"1 minute\" \/>\n<script type=\"application\/ld+json\" class=\"yoast-schema-graph\">{\"@context\":\"https:\\\/\\\/schema.org\",\"@graph\":[{\"@type\":\"WebPage\",\"@id\":\"https:\\\/\\\/katellaivdrip.com\\\/contacto\\\/\",\"url\":\"https:\\\/\\\/katellaivdrip.com\\\/contacto\\\/\",\"name\":\"CONTACTO - Katella IV Drip\",\"isPartOf\":{\"@id\":\"https:\\\/\\\/katellaivdrip.com\\\/#website\"},\"datePublished\":\"2019-10-28T22:11:41+00:00\",\"dateModified\":\"2024-06-14T05:35:25+00:00\",\"breadcrumb\":{\"@id\":\"https:\\\/\\\/katellaivdrip.com\\\/contacto\\\/#breadcrumb\"},\"inLanguage\":\"en-US\",\"potentialAction\":[{\"@type\":\"ReadAction\",\"target\":[\"https:\\\/\\\/katellaivdrip.com\\\/contacto\\\/\"]}]},{\"@type\":\"BreadcrumbList\",\"@id\":\"https:\\\/\\\/katellaivdrip.com\\\/contacto\\\/#breadcrumb\",\"itemListElement\":[{\"@type\":\"ListItem\",\"position\":1,\"name\":\"Portada\",\"item\":\"https:\\\/\\\/katellaivdrip.com\\\/\"},{\"@type\":\"ListItem\",\"position\":2,\"name\":\"CONTACTO\"}]},{\"@type\":\"WebSite\",\"@id\":\"https:\\\/\\\/katellaivdrip.com\\\/#website\",\"url\":\"https:\\\/\\\/katellaivdrip.com\\\/\",\"name\":\"Katella IV Drip\",\"description\":\"\",\"publisher\":{\"@id\":\"https:\\\/\\\/katellaivdrip.com\\\/#organization\"},\"potentialAction\":[{\"@type\":\"SearchAction\",\"target\":{\"@type\":\"EntryPoint\",\"urlTemplate\":\"https:\\\/\\\/katellaivdrip.com\\\/?s={search_term_string}\"},\"query-input\":{\"@type\":\"PropertyValueSpecification\",\"valueRequired\":true,\"valueName\":\"search_term_string\"}}],\"inLanguage\":\"en-US\"},{\"@type\":\"Organization\",\"@id\":\"https:\\\/\\\/katellaivdrip.com\\\/#organization\",\"name\":\"Salud Visual Tijuana\",\"url\":\"https:\\\/\\\/katellaivdrip.com\\\/\",\"logo\":{\"@type\":\"ImageObject\",\"inLanguage\":\"en-US\",\"@id\":\"https:\\\/\\\/katellaivdrip.com\\\/#\\\/schema\\\/logo\\\/image\\\/\",\"url\":\"https:\\\/\\\/katellaivdrip.com\\\/wp-content\\\/uploads\\\/2019\\\/10\\\/Mesa-de-trabajo-1-1.svg\",\"contentUrl\":\"https:\\\/\\\/katellaivdrip.com\\\/wp-content\\\/uploads\\\/2019\\\/10\\\/Mesa-de-trabajo-1-1.svg\",\"width\":1,\"height\":1,\"caption\":\"Salud Visual Tijuana\"},\"image\":{\"@id\":\"https:\\\/\\\/katellaivdrip.com\\\/#\\\/schema\\\/logo\\\/image\\\/\"}}]}<\/script>\n<!-- \/ Yoast SEO plugin. -->","yoast_head_json":{"title":"CONTACTO - Katella IV Drip","robots":{"index":"index","follow":"follow","max-snippet":"max-snippet:-1","max-image-preview":"max-image-preview:large","max-video-preview":"max-video-preview:-1"},"canonical":"https:\/\/katellaivdrip.com\/en\/contacto\/","og_locale":"en_US","og_type":"article","og_title":"CONTACTO - Katella IV Drip","og_description":"Agenda una cita al: (664) 650 3730 Facebook Instagram Whatsapp Direcci\u00f3n: Gaza de acceso a, Plaza el mexicano, Blvr. L\u00e1zaro C\u00e1rdenas 5012-6, Los Pirules, 22110 Tijuana, B.C.","og_url":"https:\/\/katellaivdrip.com\/en\/contacto\/","og_site_name":"Katella IV Drip","article_modified_time":"2024-06-14T05:35:25+00:00","twitter_card":"summary_large_image","twitter_misc":{"Est. reading time":"1 minute"},"schema":{"@context":"https:\/\/schema.org","@graph":[{"@type":"WebPage","@id":"https:\/\/katellaivdrip.com\/contacto\/","url":"https:\/\/katellaivdrip.com\/contacto\/","name":"CONTACTO - Katella IV Drip","isPartOf":{"@id":"https:\/\/katellaivdrip.com\/#website"},"datePublished":"2019-10-28T22:11:41+00:00","dateModified":"2024-06-14T05:35:25+00:00","breadcrumb":{"@id":"https:\/\/katellaivdrip.com\/contacto\/#breadcrumb"},"inLanguage":"en-US","potentialAction":[{"@type":"ReadAction","target":["https:\/\/katellaivdrip.com\/contacto\/"]}]},{"@type":"BreadcrumbList","@id":"https:\/\/katellaivdrip.com\/contacto\/#breadcrumb","itemListElement":[{"@type":"ListItem","position":1,"name":"Portada","item":"https:\/\/katellaivdrip.com\/"},{"@type":"ListItem","position":2,"name":"CONTACTO"}]},{"@type":"WebSite","@id":"https:\/\/katellaivdrip.com\/#website","url":"https:\/\/katellaivdrip.com\/","name":"Katella IV Drip","description":"","publisher":{"@id":"https:\/\/katellaivdrip.com\/#organization"},"potentialAction":[{"@type":"SearchAction","target":{"@type":"EntryPoint","urlTemplate":"https:\/\/katellaivdrip.com\/?s={search_term_string}"},"query-input":{"@type":"PropertyValueSpecification","valueRequired":true,"valueName":"search_term_string"}}],"inLanguage":"en-US"},{"@type":"Organization","@id":"https:\/\/katellaivdrip.com\/#organization","name":"Salud Visual Tijuana","url":"https:\/\/katellaivdrip.com\/","logo":{"@type":"ImageObject","inLanguage":"en-US","@id":"https:\/\/katellaivdrip.com\/#\/schema\/logo\/image\/","url":"https:\/\/katellaivdrip.com\/wp-content\/uploads\/2019\/10\/Mesa-de-trabajo-1-1.svg","contentUrl":"https:\/\/katellaivdrip.com\/wp-content\/uploads\/2019\/10\/Mesa-de-trabajo-1-1.svg","width":1,"height":1,"caption":"Salud Visual Tijuana"},"image":{"@id":"https:\/\/katellaivdrip.com\/#\/schema\/logo\/image\/"}}]}},"_links":{"self":[{"href":"https:\/\/katellaivdrip.com\/en\/wp-json\/wp\/v2\/pages\/17","targetHints":{"allow":["GET"]}}],"collection":[{"href":"https:\/\/katellaivdrip.com\/en\/wp-json\/wp\/v2\/pages"}],"about":[{"href":"https:\/\/katellaivdrip.com\/en\/wp-json\/wp\/v2\/types\/page"}],"author":[{"embeddable":true,"href":"https:\/\/katellaivdrip.com\/en\/wp-json\/wp\/v2\/users\/7"}],"replies":[{"embeddable":true,"href":"https:\/\/katellaivdrip.com\/en\/wp-json\/wp\/v2\/comments?post=17"}],"version-history":[{"count":40,"href":"https:\/\/katellaivdrip.com\/en\/wp-json\/wp\/v2\/pages\/17\/revisions"}],"predecessor-version":[{"id":1406,"href":"https:\/\/katellaivdrip.com\/en\/wp-json\/wp\/v2\/pages\/17\/revisions\/1406"}],"wp:attachment":[{"href":"https:\/\/katellaivdrip.com\/en\/wp-json\/wp\/v2\/media?parent=17"}],"curies":[{"name":"wp","href":"https:\/\/api.w.org\/{rel}","templated":true}]}}