{"id":1350,"date":"2024-06-14T06:47:31","date_gmt":"2024-06-14T04:47:31","guid":{"rendered":"https:\/\/katellaivdrip.com\/?page_id=1350"},"modified":"2024-06-14T07:33:49","modified_gmt":"2024-06-14T05:33:49","slug":"servicios","status":"publish","type":"page","link":"https:\/\/katellaivdrip.com\/en\/servicios\/","title":{"rendered":"SERVICES"},"content":{"rendered":"\t\t<div data-elementor-type=\"wp-page\" data-elementor-id=\"1350\" class=\"elementor elementor-1350\">\n\t\t\t\t\t\t<section class=\"elementor-section elementor-top-section elementor-element elementor-element-11269be elementor-section-boxed elementor-section-height-default elementor-section-height-default\" data-id=\"11269be\" data-element_type=\"section\" data-e-type=\"section\">\n\t\t\t\t\t\t<div class=\"elementor-container elementor-column-gap-default\">\n\t\t\t\t\t<div class=\"elementor-column elementor-col-100 elementor-top-column elementor-element elementor-element-49149c8\" data-id=\"49149c8\" data-element_type=\"column\" data-e-type=\"column\">\n\t\t\t<div class=\"elementor-widget-wrap\">\n\t\t\t\t\t\t\t<\/div>\n\t\t<\/div>\n\t\t\t\t\t<\/div>\n\t\t<\/section>\n\t\t\t\t<section class=\"elementor-section elementor-top-section elementor-element elementor-element-8c65d48 elementor-section-stretched elementor-section-content-top elementor-section-boxed elementor-section-height-default elementor-section-height-default\" data-id=\"8c65d48\" data-element_type=\"section\" data-e-type=\"section\" data-settings=\"{&quot;stretch_section&quot;:&quot;section-stretched&quot;,&quot;shape_divider_top&quot;:&quot;mountains&quot;,&quot;background_background&quot;:&quot;gradient&quot;}\">\n\t\t\t\t\t\t\t<div class=\"elementor-background-overlay\"><\/div>\n\t\t\t\t\t\t<div class=\"elementor-shape elementor-shape-top\" aria-hidden=\"true\" data-negative=\"false\">\n\t\t\t<svg xmlns=\"http:\/\/www.w3.org\/2000\/svg\" viewBox=\"0 0 1000 100\" preserveAspectRatio=\"none\">\n\t<path class=\"elementor-shape-fill\" opacity=\"0.33\" d=\"M473,67.3c-203.9,88.3-263.1-34-320.3,0C66,119.1,0,59.7,0,59.7V0h1000v59.7 c0,0-62.1,26.1-94.9,29.3c-32.8,3.3-62.8-12.3-75.8-22.1C806,49.6,745.3,8.7,694.9,4.7S492.4,59,473,67.3z\"\/>\n\t<path class=\"elementor-shape-fill\" opacity=\"0.66\" d=\"M734,67.3c-45.5,0-77.2-23.2-129.1-39.1c-28.6-8.7-150.3-10.1-254,39.1 s-91.7-34.4-149.2,0C115.7,118.3,0,39.8,0,39.8V0h1000v36.5c0,0-28.2-18.5-92.1-18.5C810.2,18.1,775.7,67.3,734,67.3z\"\/>\n\t<path class=\"elementor-shape-fill\" d=\"M766.1,28.9c-200-57.5-266,65.5-395.1,19.5C242,1.8,242,5.4,184.8,20.6C128,35.8,132.3,44.9,89.9,52.5C28.6,63.7,0,0,0,0 h1000c0,0-9.9,40.9-83.6,48.1S829.6,47,766.1,28.9z\"\/>\n<\/svg>\t\t<\/div>\n\t\t\t\t\t<div class=\"elementor-container elementor-column-gap-default\">\n\t\t\t\t\t<div class=\"elementor-column elementor-col-33 elementor-top-column elementor-element elementor-element-ad6e554 elementor-invisible\" data-id=\"ad6e554\" data-element_type=\"column\" data-e-type=\"column\" data-settings=\"{&quot;background_background&quot;:&quot;slideshow&quot;,&quot;background_slideshow_gallery&quot;:[{&quot;id&quot;:1205,&quot;url&quot;:&quot;https:\\\/\\\/katellaivdrip.com\\\/wp-content\\\/uploads\\\/2024\\\/06\\\/female-doctor-working-medicine-specialist-scaled.jpg&quot;}],&quot;background_slideshow_ken_burns&quot;:&quot;yes&quot;,&quot;animation&quot;:&quot;fadeIn&quot;,&quot;background_slideshow_loop&quot;:&quot;yes&quot;,&quot;background_slideshow_slide_duration&quot;:5000,&quot;background_slideshow_slide_transition&quot;:&quot;fade&quot;,&quot;background_slideshow_transition_duration&quot;:500,&quot;background_slideshow_ken_burns_zoom_direction&quot;:&quot;in&quot;}\">\n\t\t\t<div class=\"elementor-widget-wrap elementor-element-populated\">\n\t\t\t\t\t\t<div class=\"elementor-element elementor-element-b78ea92 elementor-widget elementor-widget-heading\" data-id=\"b78ea92\" data-element_type=\"widget\" data-e-type=\"widget\" data-widget_type=\"heading.default\">\n\t\t\t\t<div class=\"elementor-widget-container\">\n\t\t\t\t\t<h1 class=\"elementor-heading-title elementor-size-default\"><span class=\"elementor-heading-title elementor-size-default elementor-inline-editing pen\" data-elementor-setting-key=\"title\" data-pen-placeholder=\"Teclea aqu\u00ed...\">CONSULTA R\u00c1PIDA<br><\/span>\n<\/h1>\t\t\t\t<\/div>\n\t\t\t\t<\/div>\n\t\t\t\t<div class=\"elementor-element elementor-element-50bc2e9 elementor-widget elementor-widget-text-editor\" data-id=\"50bc2e9\" data-element_type=\"widget\" data-e-type=\"widget\" data-widget_type=\"text-editor.default\">\n\t\t\t\t<div class=\"elementor-widget-container\">\n\t\t\t\t\t\t\t\t\t<p>Nuestro servicio de Consulta R\u00e1pida est\u00e1 dise\u00f1ado para aquellos que necesitan una evaluaci\u00f3n m\u00e9dica \u00e1gil y eficiente. Ya sea que est\u00e9s buscando orientaci\u00f3n sobre nuestras terapias intravenosas o necesites un diagn\u00f3stico inicial, nuestros m\u00e9dicos est\u00e1n aqu\u00ed para ayudarte.<\/p>\t\t\t\t\t\t\t\t<\/div>\n\t\t\t\t<\/div>\n\t\t\t\t<div class=\"elementor-element elementor-element-7c371b3 elementor-widget elementor-widget-spacer\" data-id=\"7c371b3\" data-element_type=\"widget\" data-e-type=\"widget\" data-widget_type=\"spacer.default\">\n\t\t\t\t<div class=\"elementor-widget-container\">\n\t\t\t\t\t\t\t<div class=\"elementor-spacer\">\n\t\t\t<div class=\"elementor-spacer-inner\"><\/div>\n\t\t<\/div>\n\t\t\t\t\t\t<\/div>\n\t\t\t\t<\/div>\n\t\t\t\t\t<\/div>\n\t\t<\/div>\n\t\t\t\t<div class=\"elementor-column elementor-col-33 elementor-top-column elementor-element elementor-element-36118e3 elementor-invisible\" data-id=\"36118e3\" data-element_type=\"column\" data-e-type=\"column\" data-settings=\"{&quot;background_background&quot;:&quot;slideshow&quot;,&quot;background_slideshow_gallery&quot;:[{&quot;id&quot;:1346,&quot;url&quot;:&quot;https:\\\/\\\/katellaivdrip.com\\\/wp-content\\\/uploads\\\/2024\\\/06\\\/Servicio-a-Domicilio.jpeg&quot;}],&quot;background_slideshow_ken_burns&quot;:&quot;yes&quot;,&quot;animation&quot;:&quot;fadeIn&quot;,&quot;background_slideshow_loop&quot;:&quot;yes&quot;,&quot;background_slideshow_slide_duration&quot;:5000,&quot;background_slideshow_slide_transition&quot;:&quot;fade&quot;,&quot;background_slideshow_transition_duration&quot;:500,&quot;background_slideshow_ken_burns_zoom_direction&quot;:&quot;in&quot;}\">\n\t\t\t<div class=\"elementor-widget-wrap elementor-element-populated\">\n\t\t\t\t\t\t<div class=\"elementor-element elementor-element-7c22846 elementor-widget elementor-widget-heading\" data-id=\"7c22846\" data-element_type=\"widget\" data-e-type=\"widget\" data-widget_type=\"heading.default\">\n\t\t\t\t<div class=\"elementor-widget-container\">\n\t\t\t\t\t<h1 class=\"elementor-heading-title elementor-size-default\"><span class=\"elementor-heading-title elementor-size-default elementor-inline-editing pen\" data-elementor-setting-key=\"title\" data-pen-placeholder=\"Teclea aqu\u00ed...\">SERVICIO A DOMICILIO<\/h1>\t\t\t\t<\/div>\n\t\t\t\t<\/div>\n\t\t\t\t<div class=\"elementor-element elementor-element-891df18 elementor-widget elementor-widget-text-editor\" data-id=\"891df18\" data-element_type=\"widget\" data-e-type=\"widget\" data-widget_type=\"text-editor.default\">\n\t\t\t\t<div class=\"elementor-widget-container\">\n\t\t\t\t\t\t\t\t\t<p>Disfruta de nuestras terapias intravenosas en la comodidad de tu hogar. Nuestro equipo de profesionales altamente capacitados llevar\u00e1 el tratamiento directamente a tu puerta, asegurando la misma calidad de atenci\u00f3n que recibir\u00edas en nuestra cl\u00ednica.<\/p>\t\t\t\t\t\t\t\t<\/div>\n\t\t\t\t<\/div>\n\t\t\t\t<div class=\"elementor-element elementor-element-e03a8e2 elementor-widget elementor-widget-spacer\" data-id=\"e03a8e2\" data-element_type=\"widget\" data-e-type=\"widget\" data-widget_type=\"spacer.default\">\n\t\t\t\t<div class=\"elementor-widget-container\">\n\t\t\t\t\t\t\t<div class=\"elementor-spacer\">\n\t\t\t<div class=\"elementor-spacer-inner\"><\/div>\n\t\t<\/div>\n\t\t\t\t\t\t<\/div>\n\t\t\t\t<\/div>\n\t\t\t\t\t<\/div>\n\t\t<\/div>\n\t\t\t\t<div class=\"elementor-column elementor-col-33 elementor-top-column elementor-element elementor-element-25fa049 elementor-invisible\" data-id=\"25fa049\" data-element_type=\"column\" data-e-type=\"column\" data-settings=\"{&quot;background_background&quot;:&quot;slideshow&quot;,&quot;background_slideshow_gallery&quot;:[{&quot;id&quot;:1206,&quot;url&quot;:&quot;https:\\\/\\\/katellaivdrip.com\\\/wp-content\\\/uploads\\\/2024\\\/06\\\/Servicio-a-domicilio.jpg&quot;}],&quot;background_slideshow_ken_burns&quot;:&quot;yes&quot;,&quot;animation&quot;:&quot;fadeIn&quot;,&quot;background_slideshow_loop&quot;:&quot;yes&quot;,&quot;background_slideshow_slide_duration&quot;:5000,&quot;background_slideshow_slide_transition&quot;:&quot;fade&quot;,&quot;background_slideshow_transition_duration&quot;:500,&quot;background_slideshow_ken_burns_zoom_direction&quot;:&quot;in&quot;}\">\n\t\t\t<div class=\"elementor-widget-wrap elementor-element-populated\">\n\t\t\t\t\t\t<div class=\"elementor-element elementor-element-878c708 elementor-widget elementor-widget-heading\" data-id=\"878c708\" data-element_type=\"widget\" data-e-type=\"widget\" data-widget_type=\"heading.default\">\n\t\t\t\t<div class=\"elementor-widget-container\">\n\t\t\t\t\t<h1 class=\"elementor-heading-title elementor-size-default\">SUEROS VITAMINADOS<\/h1>\t\t\t\t<\/div>\n\t\t\t\t<\/div>\n\t\t\t\t<div class=\"elementor-element elementor-element-73a23da elementor-widget elementor-widget-text-editor\" data-id=\"73a23da\" data-element_type=\"widget\" data-e-type=\"widget\" data-widget_type=\"text-editor.default\">\n\t\t\t\t<div class=\"elementor-widget-container\">\n\t\t\t\t\t\t\t\t\t<p>Nuestros sueros vitaminados son formulaciones especiales que combinan vitaminas y minerales esenciales para mejorar tu salud y bienestar.<\/p>\t\t\t\t\t\t\t\t<\/div>\n\t\t\t\t<\/div>\n\t\t\t\t\t<\/div>\n\t\t<\/div>\n\t\t\t\t\t<\/div>\n\t\t<\/section>\n\t\t\t\t<section class=\"elementor-section elementor-top-section elementor-element elementor-element-989a8b6 elementor-section-stretched elementor-section-content-top elementor-section-boxed elementor-section-height-default elementor-section-height-default\" data-id=\"989a8b6\" data-element_type=\"section\" data-e-type=\"section\" data-settings=\"{&quot;stretch_section&quot;:&quot;section-stretched&quot;,&quot;shape_divider_top&quot;:&quot;mountains&quot;,&quot;background_background&quot;:&quot;gradient&quot;}\">\n\t\t\t\t\t\t\t<div class=\"elementor-background-overlay\"><\/div>\n\t\t\t\t\t\t<div class=\"elementor-shape elementor-shape-top\" aria-hidden=\"true\" data-negative=\"false\">\n\t\t\t<svg xmlns=\"http:\/\/www.w3.org\/2000\/svg\" viewBox=\"0 0 1000 100\" preserveAspectRatio=\"none\">\n\t<path class=\"elementor-shape-fill\" opacity=\"0.33\" d=\"M473,67.3c-203.9,88.3-263.1-34-320.3,0C66,119.1,0,59.7,0,59.7V0h1000v59.7 c0,0-62.1,26.1-94.9,29.3c-32.8,3.3-62.8-12.3-75.8-22.1C806,49.6,745.3,8.7,694.9,4.7S492.4,59,473,67.3z\"\/>\n\t<path class=\"elementor-shape-fill\" opacity=\"0.66\" d=\"M734,67.3c-45.5,0-77.2-23.2-129.1-39.1c-28.6-8.7-150.3-10.1-254,39.1 s-91.7-34.4-149.2,0C115.7,118.3,0,39.8,0,39.8V0h1000v36.5c0,0-28.2-18.5-92.1-18.5C810.2,18.1,775.7,67.3,734,67.3z\"\/>\n\t<path class=\"elementor-shape-fill\" d=\"M766.1,28.9c-200-57.5-266,65.5-395.1,19.5C242,1.8,242,5.4,184.8,20.6C128,35.8,132.3,44.9,89.9,52.5C28.6,63.7,0,0,0,0 h1000c0,0-9.9,40.9-83.6,48.1S829.6,47,766.1,28.9z\"\/>\n<\/svg>\t\t<\/div>\n\t\t\t\t\t<div class=\"elementor-container elementor-column-gap-default\">\n\t\t\t\t\t<div class=\"elementor-column elementor-col-33 elementor-top-column elementor-element elementor-element-594f01e elementor-invisible\" data-id=\"594f01e\" data-element_type=\"column\" data-e-type=\"column\" data-settings=\"{&quot;background_background&quot;:&quot;slideshow&quot;,&quot;background_slideshow_gallery&quot;:[{&quot;id&quot;:1207,&quot;url&quot;:&quot;https:\\\/\\\/katellaivdrip.com\\\/wp-content\\\/uploads\\\/2024\\\/06\\\/doctor-injecting-anesthesia-patient-s-arm-scaled.jpg&quot;}],&quot;background_slideshow_ken_burns&quot;:&quot;yes&quot;,&quot;animation&quot;:&quot;fadeIn&quot;,&quot;background_slideshow_loop&quot;:&quot;yes&quot;,&quot;background_slideshow_slide_duration&quot;:5000,&quot;background_slideshow_slide_transition&quot;:&quot;fade&quot;,&quot;background_slideshow_transition_duration&quot;:500,&quot;background_slideshow_ken_burns_zoom_direction&quot;:&quot;in&quot;}\">\n\t\t\t<div class=\"elementor-widget-wrap elementor-element-populated\">\n\t\t\t\t\t\t<div class=\"elementor-element elementor-element-09dd6f9 elementor-widget elementor-widget-heading\" data-id=\"09dd6f9\" data-element_type=\"widget\" data-e-type=\"widget\" data-widget_type=\"heading.default\">\n\t\t\t\t<div class=\"elementor-widget-container\">\n\t\t\t\t\t<h1 class=\"elementor-heading-title elementor-size-default\">TERAPIA <br>STEM CELL\n<\/h1>\t\t\t\t<\/div>\n\t\t\t\t<\/div>\n\t\t\t\t<div class=\"elementor-element elementor-element-757dc64 elementor-widget elementor-widget-text-editor\" data-id=\"757dc64\" data-element_type=\"widget\" data-e-type=\"widget\" data-widget_type=\"text-editor.default\">\n\t\t\t\t<div class=\"elementor-widget-container\">\n\t\t\t\t\t\t\t\t\t<p>Nuestra Terapia con C\u00e9lulas Madre es un tratamiento innovador que utiliza las capacidades regenerativas de las c\u00e9lulas madre para tratar diversas condiciones m\u00e9dicas y mejorar la salud general.<\/p>\t\t\t\t\t\t\t\t<\/div>\n\t\t\t\t<\/div>\n\t\t\t\t<div class=\"elementor-element elementor-element-c3cb8f7 elementor-widget elementor-widget-spacer\" data-id=\"c3cb8f7\" data-element_type=\"widget\" data-e-type=\"widget\" data-widget_type=\"spacer.default\">\n\t\t\t\t<div class=\"elementor-widget-container\">\n\t\t\t\t\t\t\t<div class=\"elementor-spacer\">\n\t\t\t<div class=\"elementor-spacer-inner\"><\/div>\n\t\t<\/div>\n\t\t\t\t\t\t<\/div>\n\t\t\t\t<\/div>\n\t\t\t\t\t<\/div>\n\t\t<\/div>\n\t\t\t\t<div class=\"elementor-column elementor-col-33 elementor-top-column elementor-element elementor-element-fd986c9 elementor-invisible\" data-id=\"fd986c9\" data-element_type=\"column\" data-e-type=\"column\" data-settings=\"{&quot;background_background&quot;:&quot;slideshow&quot;,&quot;background_slideshow_gallery&quot;:[{&quot;id&quot;:1208,&quot;url&quot;:&quot;https:\\\/\\\/katellaivdrip.com\\\/wp-content\\\/uploads\\\/2024\\\/06\\\/young-woman-having-skincare-treatment-scaled.jpg&quot;}],&quot;background_slideshow_ken_burns&quot;:&quot;yes&quot;,&quot;animation&quot;:&quot;fadeIn&quot;,&quot;background_slideshow_loop&quot;:&quot;yes&quot;,&quot;background_slideshow_slide_duration&quot;:5000,&quot;background_slideshow_slide_transition&quot;:&quot;fade&quot;,&quot;background_slideshow_transition_duration&quot;:500,&quot;background_slideshow_ken_burns_zoom_direction&quot;:&quot;in&quot;}\">\n\t\t\t<div class=\"elementor-widget-wrap elementor-element-populated\">\n\t\t\t\t\t\t<div class=\"elementor-element elementor-element-5a3b28c elementor-widget elementor-widget-heading\" data-id=\"5a3b28c\" data-element_type=\"widget\" data-e-type=\"widget\" data-widget_type=\"heading.default\">\n\t\t\t\t<div class=\"elementor-widget-container\">\n\t\t\t\t\t<h1 class=\"elementor-heading-title elementor-size-default\">M\u00c9DICO EST\u00c9TICO<\/h1>\t\t\t\t<\/div>\n\t\t\t\t<\/div>\n\t\t\t\t<div class=\"elementor-element elementor-element-a9d6fe1 elementor-widget elementor-widget-text-editor\" data-id=\"a9d6fe1\" data-element_type=\"widget\" data-e-type=\"widget\" data-widget_type=\"text-editor.default\">\n\t\t\t\t<div class=\"elementor-widget-container\">\n\t\t\t\t\t\t\t\t\t<p>Nuestro servicio de Medicina Est\u00e9tica ofrece tratamientos para mejorar tu apariencia y confianza. Desde terapias antienvejecimiento hasta procedimientos no invasivos, nuestro m\u00e9dico est\u00e9tico te ayudar\u00e1 a alcanzar tus objetivos de belleza.<\/p>\t\t\t\t\t\t\t\t<\/div>\n\t\t\t\t<\/div>\n\t\t\t\t<div class=\"elementor-element elementor-element-5cb74f5 elementor-widget elementor-widget-spacer\" data-id=\"5cb74f5\" data-element_type=\"widget\" data-e-type=\"widget\" data-widget_type=\"spacer.default\">\n\t\t\t\t<div class=\"elementor-widget-container\">\n\t\t\t\t\t\t\t<div class=\"elementor-spacer\">\n\t\t\t<div class=\"elementor-spacer-inner\"><\/div>\n\t\t<\/div>\n\t\t\t\t\t\t<\/div>\n\t\t\t\t<\/div>\n\t\t\t\t\t<\/div>\n\t\t<\/div>\n\t\t\t\t<div class=\"elementor-column elementor-col-33 elementor-top-column elementor-element elementor-element-a920d2b elementor-invisible\" data-id=\"a920d2b\" data-element_type=\"column\" data-e-type=\"column\" data-settings=\"{&quot;background_background&quot;:&quot;slideshow&quot;,&quot;background_slideshow_gallery&quot;:[{&quot;id&quot;:1209,&quot;url&quot;:&quot;https:\\\/\\\/katellaivdrip.com\\\/wp-content\\\/uploads\\\/2024\\\/06\\\/pedicure-podologist-patient-medical-pedicure-procedure-nail-disease-cholesis-detachment-nail-plate-foot-care-treatment-medical-spa-salon-scaled.jpg&quot;}],&quot;background_slideshow_ken_burns&quot;:&quot;yes&quot;,&quot;animation&quot;:&quot;fadeIn&quot;,&quot;background_slideshow_loop&quot;:&quot;yes&quot;,&quot;background_slideshow_slide_duration&quot;:5000,&quot;background_slideshow_slide_transition&quot;:&quot;fade&quot;,&quot;background_slideshow_transition_duration&quot;:500,&quot;background_slideshow_ken_burns_zoom_direction&quot;:&quot;in&quot;}\">\n\t\t\t<div class=\"elementor-widget-wrap elementor-element-populated\">\n\t\t\t\t\t\t<div class=\"elementor-element elementor-element-29cd85b elementor-widget elementor-widget-heading\" data-id=\"29cd85b\" data-element_type=\"widget\" data-e-type=\"widget\" data-widget_type=\"heading.default\">\n\t\t\t\t<div class=\"elementor-widget-container\">\n\t\t\t\t\t<h1 class=\"elementor-heading-title elementor-size-default\">PODOLOGIA<\/h1>\t\t\t\t<\/div>\n\t\t\t\t<\/div>\n\t\t\t\t<div class=\"elementor-element elementor-element-0dd2031 elementor-widget elementor-widget-text-editor\" data-id=\"0dd2031\" data-element_type=\"widget\" data-e-type=\"widget\" data-widget_type=\"text-editor.default\">\n\t\t\t\t<div class=\"elementor-widget-container\">\n\t\t\t\t\t\t\t\t\t<p>Nuestros servicios de Podolog\u00eda est\u00e1n dedicados al cuidado integral de tus pies. Ofrecemos tratamientos para diversas condiciones podol\u00f3gicas, asegurando que tus pies se mantengan saludables y sin dolor.<\/p>\t\t\t\t\t\t\t\t<\/div>\n\t\t\t\t<\/div>\n\t\t\t\t<div class=\"elementor-element elementor-element-e0c1498 elementor-widget elementor-widget-spacer\" data-id=\"e0c1498\" data-element_type=\"widget\" data-e-type=\"widget\" data-widget_type=\"spacer.default\">\n\t\t\t\t<div class=\"elementor-widget-container\">\n\t\t\t\t\t\t\t<div class=\"elementor-spacer\">\n\t\t\t<div class=\"elementor-spacer-inner\"><\/div>\n\t\t<\/div>\n\t\t\t\t\t\t<\/div>\n\t\t\t\t<\/div>\n\t\t\t\t\t<\/div>\n\t\t<\/div>\n\t\t\t\t\t<\/div>\n\t\t<\/section>\n\t\t\t\t<\/div>\n\t\t","protected":false},"excerpt":{"rendered":"<p>CONSULTA R\u00c1PIDA Nuestro servicio de Consulta R\u00e1pida est\u00e1 dise\u00f1ado para aquellos que necesitan una evaluaci\u00f3n m\u00e9dica \u00e1gil y eficiente. Ya sea que est\u00e9s buscando orientaci\u00f3n sobre nuestras terapias intravenosas o necesites un diagn\u00f3stico inicial, nuestros m\u00e9dicos est\u00e1n aqu\u00ed para ayudarte. SERVICIO A DOMICILIO Disfruta de nuestras terapias intravenosas en la comodidad de tu hogar. Nuestro &#8230; <a title=\"SERVICES\" class=\"read-more\" href=\"https:\/\/katellaivdrip.com\/en\/servicios\/\">Read more<\/a><\/p>","protected":false},"author":10,"featured_media":0,"parent":0,"menu_order":0,"comment_status":"closed","ping_status":"closed","template":"","meta":{"inline_featured_image":false,"footnotes":""},"class_list":["post-1350","page","type-page","status-publish"],"yoast_head":"<!-- This site is optimized with the Yoast SEO plugin v27.5 - https:\/\/yoast.com\/product\/yoast-seo-wordpress\/ -->\n<title>SERVICIOS - Katella IV Drip<\/title>\n<meta name=\"robots\" content=\"index, follow, max-snippet:-1, max-image-preview:large, max-video-preview:-1\" \/>\n<link rel=\"canonical\" href=\"https:\/\/katellaivdrip.com\/en\/servicios\/\" \/>\n<meta property=\"og:locale\" content=\"en_US\" \/>\n<meta property=\"og:type\" content=\"article\" \/>\n<meta property=\"og:title\" content=\"SERVICIOS - Katella IV Drip\" \/>\n<meta property=\"og:description\" content=\"CONSULTA R\u00c1PIDA Nuestro servicio de Consulta R\u00e1pida est\u00e1 dise\u00f1ado para aquellos que necesitan una evaluaci\u00f3n m\u00e9dica \u00e1gil y eficiente. Ya sea que est\u00e9s buscando orientaci\u00f3n sobre nuestras terapias intravenosas o necesites un diagn\u00f3stico inicial, nuestros m\u00e9dicos est\u00e1n aqu\u00ed para ayudarte. SERVICIO A DOMICILIO Disfruta de nuestras terapias intravenosas en la comodidad de tu hogar. Nuestro ... Read more\" \/>\n<meta property=\"og:url\" content=\"https:\/\/katellaivdrip.com\/en\/servicios\/\" \/>\n<meta property=\"og:site_name\" content=\"Katella IV Drip\" \/>\n<meta property=\"article:modified_time\" content=\"2024-06-14T05:33:49+00:00\" \/>\n<meta name=\"twitter:card\" content=\"summary_large_image\" \/>\n<meta name=\"twitter:label1\" content=\"Est. reading time\" \/>\n\t<meta name=\"twitter:data1\" content=\"3 minutes\" \/>\n<script type=\"application\/ld+json\" class=\"yoast-schema-graph\">{\"@context\":\"https:\\\/\\\/schema.org\",\"@graph\":[{\"@type\":\"WebPage\",\"@id\":\"https:\\\/\\\/katellaivdrip.com\\\/servicios\\\/\",\"url\":\"https:\\\/\\\/katellaivdrip.com\\\/servicios\\\/\",\"name\":\"SERVICIOS - Katella IV Drip\",\"isPartOf\":{\"@id\":\"https:\\\/\\\/katellaivdrip.com\\\/#website\"},\"datePublished\":\"2024-06-14T04:47:31+00:00\",\"dateModified\":\"2024-06-14T05:33:49+00:00\",\"breadcrumb\":{\"@id\":\"https:\\\/\\\/katellaivdrip.com\\\/servicios\\\/#breadcrumb\"},\"inLanguage\":\"en-US\",\"potentialAction\":[{\"@type\":\"ReadAction\",\"target\":[\"https:\\\/\\\/katellaivdrip.com\\\/servicios\\\/\"]}]},{\"@type\":\"BreadcrumbList\",\"@id\":\"https:\\\/\\\/katellaivdrip.com\\\/servicios\\\/#breadcrumb\",\"itemListElement\":[{\"@type\":\"ListItem\",\"position\":1,\"name\":\"Portada\",\"item\":\"https:\\\/\\\/katellaivdrip.com\\\/\"},{\"@type\":\"ListItem\",\"position\":2,\"name\":\"SERVICIOS\"}]},{\"@type\":\"WebSite\",\"@id\":\"https:\\\/\\\/katellaivdrip.com\\\/#website\",\"url\":\"https:\\\/\\\/katellaivdrip.com\\\/\",\"name\":\"Katella IV Drip\",\"description\":\"\",\"publisher\":{\"@id\":\"https:\\\/\\\/katellaivdrip.com\\\/#organization\"},\"potentialAction\":[{\"@type\":\"SearchAction\",\"target\":{\"@type\":\"EntryPoint\",\"urlTemplate\":\"https:\\\/\\\/katellaivdrip.com\\\/?s={search_term_string}\"},\"query-input\":{\"@type\":\"PropertyValueSpecification\",\"valueRequired\":true,\"valueName\":\"search_term_string\"}}],\"inLanguage\":\"en-US\"},{\"@type\":\"Organization\",\"@id\":\"https:\\\/\\\/katellaivdrip.com\\\/#organization\",\"name\":\"Salud Visual Tijuana\",\"url\":\"https:\\\/\\\/katellaivdrip.com\\\/\",\"logo\":{\"@type\":\"ImageObject\",\"inLanguage\":\"en-US\",\"@id\":\"https:\\\/\\\/katellaivdrip.com\\\/#\\\/schema\\\/logo\\\/image\\\/\",\"url\":\"https:\\\/\\\/katellaivdrip.com\\\/wp-content\\\/uploads\\\/2019\\\/10\\\/Mesa-de-trabajo-1-1.svg\",\"contentUrl\":\"https:\\\/\\\/katellaivdrip.com\\\/wp-content\\\/uploads\\\/2019\\\/10\\\/Mesa-de-trabajo-1-1.svg\",\"width\":1,\"height\":1,\"caption\":\"Salud Visual Tijuana\"},\"image\":{\"@id\":\"https:\\\/\\\/katellaivdrip.com\\\/#\\\/schema\\\/logo\\\/image\\\/\"}}]}<\/script>\n<!-- \/ Yoast SEO plugin. -->","yoast_head_json":{"title":"SERVICIOS - Katella IV Drip","robots":{"index":"index","follow":"follow","max-snippet":"max-snippet:-1","max-image-preview":"max-image-preview:large","max-video-preview":"max-video-preview:-1"},"canonical":"https:\/\/katellaivdrip.com\/en\/servicios\/","og_locale":"en_US","og_type":"article","og_title":"SERVICIOS - Katella IV Drip","og_description":"CONSULTA R\u00c1PIDA Nuestro servicio de Consulta R\u00e1pida est\u00e1 dise\u00f1ado para aquellos que necesitan una evaluaci\u00f3n m\u00e9dica \u00e1gil y eficiente. Ya sea que est\u00e9s buscando orientaci\u00f3n sobre nuestras terapias intravenosas o necesites un diagn\u00f3stico inicial, nuestros m\u00e9dicos est\u00e1n aqu\u00ed para ayudarte. SERVICIO A DOMICILIO Disfruta de nuestras terapias intravenosas en la comodidad de tu hogar. Nuestro ... Read more","og_url":"https:\/\/katellaivdrip.com\/en\/servicios\/","og_site_name":"Katella IV Drip","article_modified_time":"2024-06-14T05:33:49+00:00","twitter_card":"summary_large_image","twitter_misc":{"Est. reading time":"3 minutes"},"schema":{"@context":"https:\/\/schema.org","@graph":[{"@type":"WebPage","@id":"https:\/\/katellaivdrip.com\/servicios\/","url":"https:\/\/katellaivdrip.com\/servicios\/","name":"SERVICIOS - Katella IV Drip","isPartOf":{"@id":"https:\/\/katellaivdrip.com\/#website"},"datePublished":"2024-06-14T04:47:31+00:00","dateModified":"2024-06-14T05:33:49+00:00","breadcrumb":{"@id":"https:\/\/katellaivdrip.com\/servicios\/#breadcrumb"},"inLanguage":"en-US","potentialAction":[{"@type":"ReadAction","target":["https:\/\/katellaivdrip.com\/servicios\/"]}]},{"@type":"BreadcrumbList","@id":"https:\/\/katellaivdrip.com\/servicios\/#breadcrumb","itemListElement":[{"@type":"ListItem","position":1,"name":"Portada","item":"https:\/\/katellaivdrip.com\/"},{"@type":"ListItem","position":2,"name":"SERVICIOS"}]},{"@type":"WebSite","@id":"https:\/\/katellaivdrip.com\/#website","url":"https:\/\/katellaivdrip.com\/","name":"Katella IV Drip","description":"","publisher":{"@id":"https:\/\/katellaivdrip.com\/#organization"},"potentialAction":[{"@type":"SearchAction","target":{"@type":"EntryPoint","urlTemplate":"https:\/\/katellaivdrip.com\/?s={search_term_string}"},"query-input":{"@type":"PropertyValueSpecification","valueRequired":true,"valueName":"search_term_string"}}],"inLanguage":"en-US"},{"@type":"Organization","@id":"https:\/\/katellaivdrip.com\/#organization","name":"Salud Visual Tijuana","url":"https:\/\/katellaivdrip.com\/","logo":{"@type":"ImageObject","inLanguage":"en-US","@id":"https:\/\/katellaivdrip.com\/#\/schema\/logo\/image\/","url":"https:\/\/katellaivdrip.com\/wp-content\/uploads\/2019\/10\/Mesa-de-trabajo-1-1.svg","contentUrl":"https:\/\/katellaivdrip.com\/wp-content\/uploads\/2019\/10\/Mesa-de-trabajo-1-1.svg","width":1,"height":1,"caption":"Salud Visual Tijuana"},"image":{"@id":"https:\/\/katellaivdrip.com\/#\/schema\/logo\/image\/"}}]}},"_links":{"self":[{"href":"https:\/\/katellaivdrip.com\/en\/wp-json\/wp\/v2\/pages\/1350","targetHints":{"allow":["GET"]}}],"collection":[{"href":"https:\/\/katellaivdrip.com\/en\/wp-json\/wp\/v2\/pages"}],"about":[{"href":"https:\/\/katellaivdrip.com\/en\/wp-json\/wp\/v2\/types\/page"}],"author":[{"embeddable":true,"href":"https:\/\/katellaivdrip.com\/en\/wp-json\/wp\/v2\/users\/10"}],"replies":[{"embeddable":true,"href":"https:\/\/katellaivdrip.com\/en\/wp-json\/wp\/v2\/comments?post=1350"}],"version-history":[{"count":38,"href":"https:\/\/katellaivdrip.com\/en\/wp-json\/wp\/v2\/pages\/1350\/revisions"}],"predecessor-version":[{"id":1405,"href":"https:\/\/katellaivdrip.com\/en\/wp-json\/wp\/v2\/pages\/1350\/revisions\/1405"}],"wp:attachment":[{"href":"https:\/\/katellaivdrip.com\/en\/wp-json\/wp\/v2\/media?parent=1350"}],"curies":[{"name":"wp","href":"https:\/\/api.w.org\/{rel}","templated":true}]}}