{"id":1320,"date":"2024-06-14T06:21:28","date_gmt":"2024-06-14T04:21:28","guid":{"rendered":"https:\/\/katellaivdrip.com\/?page_id=1320"},"modified":"2024-06-14T07:13:18","modified_gmt":"2024-06-14T05:13:18","slug":"nosotros","status":"publish","type":"page","link":"https:\/\/katellaivdrip.com\/en\/nosotros\/","title":{"rendered":"ABOUT US"},"content":{"rendered":"<div data-elementor-type=\"wp-page\" data-elementor-id=\"1320\" class=\"elementor elementor-1320\">\n\t\t\t\t\t\t<section class=\"elementor-section elementor-top-section elementor-element elementor-element-eed4a31 elementor-section-stretched elementor-section-full_width elementor-section-height-default elementor-section-height-default\" data-id=\"eed4a31\" data-element_type=\"section\" data-e-type=\"section\" data-settings=\"{&quot;stretch_section&quot;:&quot;section-stretched&quot;,&quot;background_background&quot;:&quot;classic&quot;}\">\n\t\t\t\t\t\t\t<div class=\"elementor-background-overlay\"><\/div>\n\t\t\t\t\t\t\t<div class=\"elementor-container elementor-column-gap-default\">\n\t\t\t\t\t<div class=\"elementor-column elementor-col-100 elementor-top-column elementor-element elementor-element-293fc41\" data-id=\"293fc41\" data-element_type=\"column\" data-e-type=\"column\" data-settings=\"{&quot;background_background&quot;:&quot;classic&quot;}\">\n\t\t\t<div class=\"elementor-widget-wrap elementor-element-populated\">\n\t\t\t\t\t<div class=\"elementor-background-overlay\"><\/div>\n\t\t\t\t\t\t<div class=\"elementor-element elementor-element-d6ce4a2 elementor-invisible elementor-widget elementor-widget-image\" data-id=\"d6ce4a2\" data-element_type=\"widget\" data-e-type=\"widget\" data-settings=\"{&quot;_animation&quot;:&quot;bounceIn&quot;}\" data-widget_type=\"image.default\">\n\t\t\t\t<div class=\"elementor-widget-container\">\n\t\t\t\t\t\t\t\t\t\t\t\t\t\t\t<img fetchpriority=\"high\" decoding=\"async\" width=\"1024\" height=\"1024\" src=\"https:\/\/katellaivdrip.com\/wp-content\/uploads\/2024\/06\/Sueros-Vitamidados-Fondo-Final-1024x1024.png\" class=\"attachment-large size-large wp-image-1326\" alt=\"\" srcset=\"https:\/\/katellaivdrip.com\/wp-content\/uploads\/2024\/06\/Sueros-Vitamidados-Fondo-Final-1024x1024.png 1024w, https:\/\/katellaivdrip.com\/wp-content\/uploads\/2024\/06\/Sueros-Vitamidados-Fondo-Final-300x300.png 300w, https:\/\/katellaivdrip.com\/wp-content\/uploads\/2024\/06\/Sueros-Vitamidados-Fondo-Final-150x150.png 150w, https:\/\/katellaivdrip.com\/wp-content\/uploads\/2024\/06\/Sueros-Vitamidados-Fondo-Final-768x769.png 768w, https:\/\/katellaivdrip.com\/wp-content\/uploads\/2024\/06\/Sueros-Vitamidados-Fondo-Final-12x12.png 12w, https:\/\/katellaivdrip.com\/wp-content\/uploads\/2024\/06\/Sueros-Vitamidados-Fondo-Final.png 1080w\" sizes=\"(max-width: 1024px) 100vw, 1024px\" \/>\t\t\t\t\t\t\t\t\t\t\t\t\t\t\t<\/div>\n\t\t\t\t<\/div>\n\t\t\t\t<div class=\"elementor-element elementor-element-33c96f9 elementor-widget elementor-widget-heading\" data-id=\"33c96f9\" data-element_type=\"widget\" data-e-type=\"widget\" data-widget_type=\"heading.default\">\n\t\t\t\t<div class=\"elementor-widget-container\">\n\t\t\t\t\t<h1 class=\"elementor-heading-title elementor-size-large\">Welcome to our clinic specialized in<\/h1>\t\t\t\t<\/div>\n\t\t\t\t<\/div>\n\t\t\t\t<div class=\"elementor-element elementor-element-71f3a72 elementor-widget elementor-widget-heading\" data-id=\"71f3a72\" data-element_type=\"widget\" data-e-type=\"widget\" data-widget_type=\"heading.default\">\n\t\t\t\t<div class=\"elementor-widget-container\">\n\t\t\t\t\t<h1 class=\"elementor-heading-title elementor-size-xl\">Intravenous Therapy!<\/h1>\t\t\t\t<\/div>\n\t\t\t\t<\/div>\n\t\t\t\t<div class=\"elementor-element elementor-element-c32b9f0 elementor-widget-divider--view-line elementor-widget elementor-widget-divider\" data-id=\"c32b9f0\" data-element_type=\"widget\" data-e-type=\"widget\" data-widget_type=\"divider.default\">\n\t\t\t\t<div class=\"elementor-widget-container\">\n\t\t\t\t\t\t\t<div class=\"elementor-divider\">\n\t\t\t<span class=\"elementor-divider-separator\">\n\t\t\t\t\t\t<\/span>\n\t\t<\/div>\n\t\t\t\t\t\t<\/div>\n\t\t\t\t<\/div>\n\t\t\t\t\t<\/div>\n\t\t<\/div>\n\t\t\t\t\t<\/div>\n\t\t<\/section>\n\t\t\t\t<section class=\"elementor-section elementor-top-section elementor-element elementor-element-416357f elementor-section-stretched elementor-section-full_width elementor-section-height-default elementor-section-height-default\" data-id=\"416357f\" data-element_type=\"section\" data-e-type=\"section\" data-settings=\"{&quot;stretch_section&quot;:&quot;section-stretched&quot;,&quot;background_background&quot;:&quot;classic&quot;}\">\n\t\t\t\t\t\t<div class=\"elementor-container elementor-column-gap-default\">\n\t\t\t\t\t<div class=\"elementor-column elementor-col-50 elementor-top-column elementor-element elementor-element-85679cf\" data-id=\"85679cf\" data-element_type=\"column\" data-e-type=\"column\">\n\t\t\t<div class=\"elementor-widget-wrap elementor-element-populated\">\n\t\t\t\t\t\t<div class=\"elementor-element elementor-element-8a8ec11 elementor-widget elementor-widget-video\" data-id=\"8a8ec11\" data-element_type=\"widget\" data-e-type=\"widget\" data-settings=\"{&quot;youtube_url&quot;:&quot;https:\\\/\\\/www.youtube.com\\\/watch?v=cltk4KCuRo4&amp;t=4s&quot;,&quot;autoplay&quot;:&quot;yes&quot;,&quot;play_on_mobile&quot;:&quot;yes&quot;,&quot;video_type&quot;:&quot;youtube&quot;,&quot;controls&quot;:&quot;yes&quot;}\" data-widget_type=\"video.default\">\n\t\t\t\t<div class=\"elementor-widget-container\">\n\t\t\t\t\t\t\t<div class=\"elementor-wrapper elementor-open-inline\">\n\t\t\t<div class=\"elementor-video\"><\/div>\t\t<\/div>\n\t\t\t\t\t\t<\/div>\n\t\t\t\t<\/div>\n\t\t\t\t\t<\/div>\n\t\t<\/div>\n\t\t\t\t<div class=\"elementor-column elementor-col-50 elementor-top-column elementor-element elementor-element-6f65e0c\" data-id=\"6f65e0c\" data-element_type=\"column\" data-e-type=\"column\">\n\t\t\t<div class=\"elementor-widget-wrap elementor-element-populated\">\n\t\t\t\t\t\t<div class=\"elementor-element elementor-element-e045580 elementor-widget elementor-widget-spacer\" data-id=\"e045580\" data-element_type=\"widget\" data-e-type=\"widget\" data-widget_type=\"spacer.default\">\n\t\t\t\t<div class=\"elementor-widget-container\">\n\t\t\t\t\t\t\t<div class=\"elementor-spacer\">\n\t\t\t<div class=\"elementor-spacer-inner\"><\/div>\n\t\t<\/div>\n\t\t\t\t\t\t<\/div>\n\t\t\t\t<\/div>\n\t\t\t\t<div class=\"elementor-element elementor-element-1c3f3d2 elementor-widget elementor-widget-text-editor\" data-id=\"1c3f3d2\" data-element_type=\"widget\" data-e-type=\"widget\" data-widget_type=\"text-editor.default\">\n\t\t\t\t<div class=\"elementor-widget-container\">\n\t\t\t\t\t\t\t\t\t<h3>We offer <strong>vitamin and mineral infusions<\/strong> that promote rehydration and improve your well-being, helping you recover quickly. Located in Tijuana, BC, we are here to support you on your path to optimal health.<\/h3>\t\t\t\t\t\t\t\t<\/div>\n\t\t\t\t<\/div>\n\t\t\t\t<div class=\"elementor-element elementor-element-f418701 elementor-widget elementor-widget-spacer\" data-id=\"f418701\" data-element_type=\"widget\" data-e-type=\"widget\" data-widget_type=\"spacer.default\">\n\t\t\t\t<div class=\"elementor-widget-container\">\n\t\t\t\t\t\t\t<div class=\"elementor-spacer\">\n\t\t\t<div class=\"elementor-spacer-inner\"><\/div>\n\t\t<\/div>\n\t\t\t\t\t\t<\/div>\n\t\t\t\t<\/div>\n\t\t\t\t\t<\/div>\n\t\t<\/div>\n\t\t\t\t\t<\/div>\n\t\t<\/section>\n\t\t\t\t<section class=\"elementor-section elementor-top-section elementor-element elementor-element-e39e9eb elementor-section-stretched elementor-section-full_width elementor-section-height-default elementor-section-height-default\" data-id=\"e39e9eb\" data-element_type=\"section\" data-e-type=\"section\" data-settings=\"{&quot;stretch_section&quot;:&quot;section-stretched&quot;,&quot;background_background&quot;:&quot;classic&quot;}\">\n\t\t\t\t\t\t\t<div class=\"elementor-background-overlay\"><\/div>\n\t\t\t\t\t\t\t<div class=\"elementor-container elementor-column-gap-default\">\n\t\t\t\t\t<div class=\"elementor-column elementor-col-100 elementor-top-column elementor-element elementor-element-8590dbe\" data-id=\"8590dbe\" data-element_type=\"column\" data-e-type=\"column\" data-settings=\"{&quot;background_background&quot;:&quot;classic&quot;}\">\n\t\t\t<div class=\"elementor-widget-wrap elementor-element-populated\">\n\t\t\t\t\t<div class=\"elementor-background-overlay\"><\/div>\n\t\t\t\t\t\t<div class=\"elementor-element elementor-element-41eca93 elementor-widget elementor-widget-heading\" data-id=\"41eca93\" data-element_type=\"widget\" data-e-type=\"widget\" data-widget_type=\"heading.default\">\n\t\t\t\t<div class=\"elementor-widget-container\">\n\t\t\t\t\t<h1 class=\"elementor-heading-title elementor-size-large\">Follow us on our social networks to learn more<\/h1>\t\t\t\t<\/div>\n\t\t\t\t<\/div>\n\t\t\t\t<div class=\"elementor-element elementor-element-6d47aa4 elementor-shape-rounded elementor-grid-0 e-grid-align-center elementor-widget elementor-widget-social-icons\" data-id=\"6d47aa4\" data-element_type=\"widget\" data-e-type=\"widget\" data-widget_type=\"social-icons.default\">\n\t\t\t\t<div class=\"elementor-widget-container\">\n\t\t\t\t\t\t\t<div class=\"elementor-social-icons-wrapper elementor-grid\" role=\"list\">\n\t\t\t\t\t\t\t<span class=\"elementor-grid-item\" role=\"listitem\">\n\t\t\t\t\t<a class=\"elementor-icon elementor-social-icon elementor-social-icon-facebook elementor-repeater-item-f569e32\" href=\"https:\/\/www.facebook.com\/Katellaivdrip?mibextid=LQQJ4d\" target=\"_blank\">\n\t\t\t\t\t\t<span class=\"elementor-screen-only\">Facebook<\/span>\n\t\t\t\t\t\t<i aria-hidden=\"true\" class=\"fab fa-facebook\"><\/i>\t\t\t\t\t<\/a>\n\t\t\t\t<\/span>\n\t\t\t\t\t\t\t<span class=\"elementor-grid-item\" role=\"listitem\">\n\t\t\t\t\t<a class=\"elementor-icon elementor-social-icon elementor-social-icon-instagram elementor-repeater-item-be45ab1\" href=\"https:\/\/www.instagram.com\/katella_ivdrip?igsh=MWY0bjUxaDlienNqbw%3D%3D&#038;utm_source=qr\" target=\"_blank\">\n\t\t\t\t\t\t<span class=\"elementor-screen-only\">Instagram<\/span>\n\t\t\t\t\t\t<i aria-hidden=\"true\" class=\"fab fa-instagram\"><\/i>\t\t\t\t\t<\/a>\n\t\t\t\t<\/span>\n\t\t\t\t\t<\/div>\n\t\t\t\t\t\t<\/div>\n\t\t\t\t<\/div>\n\t\t\t\t<div class=\"elementor-element elementor-element-f3e3720 elementor-widget-divider--view-line elementor-widget elementor-widget-divider\" data-id=\"f3e3720\" data-element_type=\"widget\" data-e-type=\"widget\" data-widget_type=\"divider.default\">\n\t\t\t\t<div class=\"elementor-widget-container\">\n\t\t\t\t\t\t\t<div class=\"elementor-divider\">\n\t\t\t<span class=\"elementor-divider-separator\">\n\t\t\t\t\t\t<\/span>\n\t\t<\/div>\n\t\t\t\t\t\t<\/div>\n\t\t\t\t<\/div>\n\t\t\t\t\t<\/div>\n\t\t<\/div>\n\t\t\t\t\t<\/div>\n\t\t<\/section>\n\t\t\t\t<\/div>","protected":false},"excerpt":{"rendered":"<p>\u00a1Bienvenidos a nuestra cl\u00ednica especializada en Terapia Intravenosa! Ofrecemos infusiones de vitaminas y minerales que promueven la rehidrataci\u00f3n y mejoran tu bienestar, ayud\u00e1ndote a recuperarte r\u00e1pidamente. Ubicados en Tijuana, BC, estamos aqu\u00ed para apoyarte en tu camino hacia una salud \u00f3ptima. S\u00edguenos en nuestras redes sociales para conocer m\u00e1s Facebook Instagram<\/p>","protected":false},"author":10,"featured_media":0,"parent":0,"menu_order":0,"comment_status":"closed","ping_status":"closed","template":"","meta":{"inline_featured_image":false,"footnotes":""},"class_list":["post-1320","page","type-page","status-publish"],"yoast_head":"<!-- This site is optimized with the Yoast SEO plugin v27.5 - https:\/\/yoast.com\/product\/yoast-seo-wordpress\/ -->\n<title>NOSOTROS - Katella IV Drip<\/title>\n<meta name=\"robots\" content=\"index, follow, max-snippet:-1, max-image-preview:large, max-video-preview:-1\" \/>\n<link rel=\"canonical\" href=\"https:\/\/katellaivdrip.com\/en\/nosotros\/\" \/>\n<meta property=\"og:locale\" content=\"en_US\" \/>\n<meta property=\"og:type\" content=\"article\" \/>\n<meta property=\"og:title\" content=\"NOSOTROS - Katella IV Drip\" \/>\n<meta property=\"og:description\" content=\"\u00a1Bienvenidos a nuestra cl\u00ednica especializada en Terapia Intravenosa! Ofrecemos infusiones de vitaminas y minerales que promueven la rehidrataci\u00f3n y mejoran tu bienestar, ayud\u00e1ndote a recuperarte r\u00e1pidamente. Ubicados en Tijuana, BC, estamos aqu\u00ed para apoyarte en tu camino hacia una salud \u00f3ptima. S\u00edguenos en nuestras redes sociales para conocer m\u00e1s Facebook Instagram\" \/>\n<meta property=\"og:url\" content=\"https:\/\/katellaivdrip.com\/en\/nosotros\/\" \/>\n<meta property=\"og:site_name\" content=\"Katella IV Drip\" \/>\n<meta property=\"article:modified_time\" content=\"2024-06-14T05:13:18+00:00\" \/>\n<meta property=\"og:image\" content=\"https:\/\/katellaivdrip.com\/wp-content\/uploads\/2024\/06\/Sueros-Vitamidados-Fondo-Final-1024x1024.png\" \/>\n<meta name=\"twitter:card\" content=\"summary_large_image\" \/>\n<meta name=\"twitter:label1\" content=\"Est. reading time\" \/>\n\t<meta name=\"twitter:data1\" content=\"1 minute\" \/>\n<script type=\"application\/ld+json\" class=\"yoast-schema-graph\">{\"@context\":\"https:\\\/\\\/schema.org\",\"@graph\":[{\"@type\":\"WebPage\",\"@id\":\"https:\\\/\\\/katellaivdrip.com\\\/nosotros\\\/\",\"url\":\"https:\\\/\\\/katellaivdrip.com\\\/nosotros\\\/\",\"name\":\"NOSOTROS - Katella IV Drip\",\"isPartOf\":{\"@id\":\"https:\\\/\\\/katellaivdrip.com\\\/#website\"},\"primaryImageOfPage\":{\"@id\":\"https:\\\/\\\/katellaivdrip.com\\\/nosotros\\\/#primaryimage\"},\"image\":{\"@id\":\"https:\\\/\\\/katellaivdrip.com\\\/nosotros\\\/#primaryimage\"},\"thumbnailUrl\":\"https:\\\/\\\/katellaivdrip.com\\\/wp-content\\\/uploads\\\/2024\\\/06\\\/Sueros-Vitamidados-Fondo-Final-1024x1024.png\",\"datePublished\":\"2024-06-14T04:21:28+00:00\",\"dateModified\":\"2024-06-14T05:13:18+00:00\",\"breadcrumb\":{\"@id\":\"https:\\\/\\\/katellaivdrip.com\\\/nosotros\\\/#breadcrumb\"},\"inLanguage\":\"en-US\",\"potentialAction\":[{\"@type\":\"ReadAction\",\"target\":[\"https:\\\/\\\/katellaivdrip.com\\\/nosotros\\\/\"]}]},{\"@type\":\"ImageObject\",\"inLanguage\":\"en-US\",\"@id\":\"https:\\\/\\\/katellaivdrip.com\\\/nosotros\\\/#primaryimage\",\"url\":\"https:\\\/\\\/katellaivdrip.com\\\/wp-content\\\/uploads\\\/2024\\\/06\\\/Sueros-Vitamidados-Fondo-Final-1024x1024.png\",\"contentUrl\":\"https:\\\/\\\/katellaivdrip.com\\\/wp-content\\\/uploads\\\/2024\\\/06\\\/Sueros-Vitamidados-Fondo-Final-1024x1024.png\"},{\"@type\":\"BreadcrumbList\",\"@id\":\"https:\\\/\\\/katellaivdrip.com\\\/nosotros\\\/#breadcrumb\",\"itemListElement\":[{\"@type\":\"ListItem\",\"position\":1,\"name\":\"Portada\",\"item\":\"https:\\\/\\\/katellaivdrip.com\\\/\"},{\"@type\":\"ListItem\",\"position\":2,\"name\":\"NOSOTROS\"}]},{\"@type\":\"WebSite\",\"@id\":\"https:\\\/\\\/katellaivdrip.com\\\/#website\",\"url\":\"https:\\\/\\\/katellaivdrip.com\\\/\",\"name\":\"Katella IV Drip\",\"description\":\"\",\"publisher\":{\"@id\":\"https:\\\/\\\/katellaivdrip.com\\\/#organization\"},\"potentialAction\":[{\"@type\":\"SearchAction\",\"target\":{\"@type\":\"EntryPoint\",\"urlTemplate\":\"https:\\\/\\\/katellaivdrip.com\\\/?s={search_term_string}\"},\"query-input\":{\"@type\":\"PropertyValueSpecification\",\"valueRequired\":true,\"valueName\":\"search_term_string\"}}],\"inLanguage\":\"en-US\"},{\"@type\":\"Organization\",\"@id\":\"https:\\\/\\\/katellaivdrip.com\\\/#organization\",\"name\":\"Salud Visual Tijuana\",\"url\":\"https:\\\/\\\/katellaivdrip.com\\\/\",\"logo\":{\"@type\":\"ImageObject\",\"inLanguage\":\"en-US\",\"@id\":\"https:\\\/\\\/katellaivdrip.com\\\/#\\\/schema\\\/logo\\\/image\\\/\",\"url\":\"https:\\\/\\\/katellaivdrip.com\\\/wp-content\\\/uploads\\\/2019\\\/10\\\/Mesa-de-trabajo-1-1.svg\",\"contentUrl\":\"https:\\\/\\\/katellaivdrip.com\\\/wp-content\\\/uploads\\\/2019\\\/10\\\/Mesa-de-trabajo-1-1.svg\",\"width\":1,\"height\":1,\"caption\":\"Salud Visual Tijuana\"},\"image\":{\"@id\":\"https:\\\/\\\/katellaivdrip.com\\\/#\\\/schema\\\/logo\\\/image\\\/\"}}]}<\/script>\n<!-- \/ Yoast SEO plugin. -->","yoast_head_json":{"title":"NOSOTROS - Katella IV Drip","robots":{"index":"index","follow":"follow","max-snippet":"max-snippet:-1","max-image-preview":"max-image-preview:large","max-video-preview":"max-video-preview:-1"},"canonical":"https:\/\/katellaivdrip.com\/en\/nosotros\/","og_locale":"en_US","og_type":"article","og_title":"NOSOTROS - Katella IV Drip","og_description":"\u00a1Bienvenidos a nuestra cl\u00ednica especializada en Terapia Intravenosa! Ofrecemos infusiones de vitaminas y minerales que promueven la rehidrataci\u00f3n y mejoran tu bienestar, ayud\u00e1ndote a recuperarte r\u00e1pidamente. Ubicados en Tijuana, BC, estamos aqu\u00ed para apoyarte en tu camino hacia una salud \u00f3ptima. S\u00edguenos en nuestras redes sociales para conocer m\u00e1s Facebook Instagram","og_url":"https:\/\/katellaivdrip.com\/en\/nosotros\/","og_site_name":"Katella IV Drip","article_modified_time":"2024-06-14T05:13:18+00:00","og_image":[{"url":"https:\/\/katellaivdrip.com\/wp-content\/uploads\/2024\/06\/Sueros-Vitamidados-Fondo-Final-1024x1024.png","type":"","width":"","height":""}],"twitter_card":"summary_large_image","twitter_misc":{"Est. reading time":"1 minute"},"schema":{"@context":"https:\/\/schema.org","@graph":[{"@type":"WebPage","@id":"https:\/\/katellaivdrip.com\/nosotros\/","url":"https:\/\/katellaivdrip.com\/nosotros\/","name":"NOSOTROS - Katella IV Drip","isPartOf":{"@id":"https:\/\/katellaivdrip.com\/#website"},"primaryImageOfPage":{"@id":"https:\/\/katellaivdrip.com\/nosotros\/#primaryimage"},"image":{"@id":"https:\/\/katellaivdrip.com\/nosotros\/#primaryimage"},"thumbnailUrl":"https:\/\/katellaivdrip.com\/wp-content\/uploads\/2024\/06\/Sueros-Vitamidados-Fondo-Final-1024x1024.png","datePublished":"2024-06-14T04:21:28+00:00","dateModified":"2024-06-14T05:13:18+00:00","breadcrumb":{"@id":"https:\/\/katellaivdrip.com\/nosotros\/#breadcrumb"},"inLanguage":"en-US","potentialAction":[{"@type":"ReadAction","target":["https:\/\/katellaivdrip.com\/nosotros\/"]}]},{"@type":"ImageObject","inLanguage":"en-US","@id":"https:\/\/katellaivdrip.com\/nosotros\/#primaryimage","url":"https:\/\/katellaivdrip.com\/wp-content\/uploads\/2024\/06\/Sueros-Vitamidados-Fondo-Final-1024x1024.png","contentUrl":"https:\/\/katellaivdrip.com\/wp-content\/uploads\/2024\/06\/Sueros-Vitamidados-Fondo-Final-1024x1024.png"},{"@type":"BreadcrumbList","@id":"https:\/\/katellaivdrip.com\/nosotros\/#breadcrumb","itemListElement":[{"@type":"ListItem","position":1,"name":"Portada","item":"https:\/\/katellaivdrip.com\/"},{"@type":"ListItem","position":2,"name":"NOSOTROS"}]},{"@type":"WebSite","@id":"https:\/\/katellaivdrip.com\/#website","url":"https:\/\/katellaivdrip.com\/","name":"Katella IV Drip","description":"","publisher":{"@id":"https:\/\/katellaivdrip.com\/#organization"},"potentialAction":[{"@type":"SearchAction","target":{"@type":"EntryPoint","urlTemplate":"https:\/\/katellaivdrip.com\/?s={search_term_string}"},"query-input":{"@type":"PropertyValueSpecification","valueRequired":true,"valueName":"search_term_string"}}],"inLanguage":"en-US"},{"@type":"Organization","@id":"https:\/\/katellaivdrip.com\/#organization","name":"Salud Visual Tijuana","url":"https:\/\/katellaivdrip.com\/","logo":{"@type":"ImageObject","inLanguage":"en-US","@id":"https:\/\/katellaivdrip.com\/#\/schema\/logo\/image\/","url":"https:\/\/katellaivdrip.com\/wp-content\/uploads\/2019\/10\/Mesa-de-trabajo-1-1.svg","contentUrl":"https:\/\/katellaivdrip.com\/wp-content\/uploads\/2019\/10\/Mesa-de-trabajo-1-1.svg","width":1,"height":1,"caption":"Salud Visual Tijuana"},"image":{"@id":"https:\/\/katellaivdrip.com\/#\/schema\/logo\/image\/"}}]}},"_links":{"self":[{"href":"https:\/\/katellaivdrip.com\/en\/wp-json\/wp\/v2\/pages\/1320","targetHints":{"allow":["GET"]}}],"collection":[{"href":"https:\/\/katellaivdrip.com\/en\/wp-json\/wp\/v2\/pages"}],"about":[{"href":"https:\/\/katellaivdrip.com\/en\/wp-json\/wp\/v2\/types\/page"}],"author":[{"embeddable":true,"href":"https:\/\/katellaivdrip.com\/en\/wp-json\/wp\/v2\/users\/10"}],"replies":[{"embeddable":true,"href":"https:\/\/katellaivdrip.com\/en\/wp-json\/wp\/v2\/comments?post=1320"}],"version-history":[{"count":17,"href":"https:\/\/katellaivdrip.com\/en\/wp-json\/wp\/v2\/pages\/1320\/revisions"}],"predecessor-version":[{"id":1396,"href":"https:\/\/katellaivdrip.com\/en\/wp-json\/wp\/v2\/pages\/1320\/revisions\/1396"}],"wp:attachment":[{"href":"https:\/\/katellaivdrip.com\/en\/wp-json\/wp\/v2\/media?parent=1320"}],"curies":[{"name":"wp","href":"https:\/\/api.w.org\/{rel}","templated":true}]}}